{"id":1380,"date":"2025-01-17T14:50:19","date_gmt":"2025-01-17T13:50:19","guid":{"rendered":"http:\/\/dev.fahrschule-uwe-schubert.de\/home\/?page_id=1380"},"modified":"2025-01-29T09:51:51","modified_gmt":"2025-01-29T08:51:51","slug":"ueber-uns","status":"publish","type":"page","link":"https:\/\/dev.fahrschule-uwe-schubert.de\/home\/ueber-uns\/","title":{"rendered":"\u00dcber uns"},"content":{"rendered":"\n<p>Unsere Fahrschule wurde vor \u00fcber 25 Jahren von Uwe Schubert gegr\u00fcndet. Seitdem bilden wir kontinuierlich in allen PKW- und Zweirad-F\u00fchrerscheinklassen aus.<br>Da es beim Motorradfahren um das eigene Leben und nicht nur um einen Blechschaden geht, stellt die Zweiradausbildung in unserer Fahrschule einen Schwerpunkt dar! Uwe Schubert ist selbst begeisterter Motorradfahrer, der seine Erfahrungen auch an seine Fahrsch\u00fcler weitergeben kann. Unsere R\u00e4umlichkeiten in der August\u2013Bebel-Stra\u00dfe in Plauen sind sehr gut erreichbar (Stra\u00dfenbahnhaltestelle vor der T\u00fcr) und f\u00fcr unsere Fahrsch\u00fcler optimal ausgestattet!<\/p>\n","protected":false},"excerpt":{"rendered":"<p>Unsere Fahrschule wurde vor \u00fcber 25 Jahren von Uwe Schubert gegr\u00fcndet. Seitdem bilden wir kontinuierlich in allen PKW- und Zweirad-F\u00fchrerscheinklassen aus.Da es beim Motorradfahren um das eigene Leben und nicht nur um einen Blechschaden geht, stellt die Zweiradausbildung in unserer Fahrschule einen Schwerpunkt dar! Uwe Schubert ist selbst begeisterter Motorradfahrer, der seine Erfahrungen auch an [&hellip;]<\/p>\n","protected":false},"author":1,"featured_media":0,"parent":0,"menu_order":0,"comment_status":"closed","ping_status":"closed","template":"","meta":{"footnotes":""},"class_list":["post-1380","page","type-page","status-publish","hentry"],"_links":{"self":[{"href":"https:\/\/dev.fahrschule-uwe-schubert.de\/home\/wp-json\/wp\/v2\/pages\/1380","targetHints":{"allow":["GET"]}}],"collection":[{"href":"https:\/\/dev.fahrschule-uwe-schubert.de\/home\/wp-json\/wp\/v2\/pages"}],"about":[{"href":"https:\/\/dev.fahrschule-uwe-schubert.de\/home\/wp-json\/wp\/v2\/types\/page"}],"author":[{"embeddable":true,"href":"https:\/\/dev.fahrschule-uwe-schubert.de\/home\/wp-json\/wp\/v2\/users\/1"}],"replies":[{"embeddable":true,"href":"https:\/\/dev.fahrschule-uwe-schubert.de\/home\/wp-json\/wp\/v2\/comments?post=1380"}],"version-history":[{"count":2,"href":"https:\/\/dev.fahrschule-uwe-schubert.de\/home\/wp-json\/wp\/v2\/pages\/1380\/revisions"}],"predecessor-version":[{"id":1472,"href":"https:\/\/dev.fahrschule-uwe-schubert.de\/home\/wp-json\/wp\/v2\/pages\/1380\/revisions\/1472"}],"wp:attachment":[{"href":"https:\/\/dev.fahrschule-uwe-schubert.de\/home\/wp-json\/wp\/v2\/media?parent=1380"}],"curies":[{"name":"wp","href":"https:\/\/api.w.org\/{rel}","templated":true}]}}