{"id":1395,"date":"2025-01-17T12:59:16","date_gmt":"2025-01-17T11:59:16","guid":{"rendered":"http:\/\/dev.fahrschule-uwe-schubert.de\/home\/?page_id=1395"},"modified":"2025-01-29T10:17:15","modified_gmt":"2025-01-29T09:17:15","slug":"datenschutz","status":"publish","type":"page","link":"https:\/\/dev.fahrschule-uwe-schubert.de\/home\/datenschutz\/","title":{"rendered":"Datenschutz"},"content":{"rendered":"\n<p>Datenschutz hat einen besonders hohen Stellenwert f\u00fcr die Fahrschule Uwe Schubert. Die Nutzung unserer Homepage sowie weiterf\u00fchrender Dienste ist grunds\u00e4tzlich immer mit der Angabe von personenbezogenen Daten verbunden. Dies geschieht bewusst (z.B. Kontaktformular) und auch unbewusst (IP-Adresse in den Server-Logfiles). Da f\u00fcr die Verarbeitung personenbezogener Daten keine generelle gesetzliche Erlaubnis besteht, wird die Einwilligung der betroffenen Person ben\u00f6tigt, beziehungsweise wir informieren \u00fcber unsere berechtigten Interessen.<\/p>\n\n\n\n<p>Die Verarbeitung personenbezogener Daten (z.B. Name, Anschrift, E-Mail- Adresse, IP-Adresse) erfolgt stets im Einklang mit der europ\u00e4ischen Datenschutz-Grundverordnung (DS-GVO) und in \u00dcbereinstimmung mit den f\u00fcr die Fahrschule Uwe Schubert geltenden landesspezifischen Datenschutzbestimmungen \u2013 das Bundesdatenschutzgesetz (BDSG). Anhand dieser Datenschutzerkl\u00e4rung erhalten betroffene Personen (z.B. Betrachter unserer Homepage) einen \u00dcberblick zu Art, Umfang und Zweck der von ihnen erhobenen, genutzten und verarbeiteten personenbezogenen Daten.<\/p>\n\n\n\n<p>Nachfolgend erhalten Sie einen \u00dcberblick der wichtigsten allgemeinen Informationen und anschlie\u00dfend zu speziellen Themen.<\/p>\n\n\n\n<figure class=\"wp-block-table\"><table class=\"has-fixed-layout\"><tbody><tr><td><strong>Name und die Kontaktdaten des Verantwortlichen<br>Art. 13 Abs. 1 lit. a DS-GVO<\/strong><\/td><td>Fahrschule Uwe Schubert<br>Inhaberin Ramona Schubert | Leiter Dirk Butzlau<br>August-Bebel-Str. 105<br>08525 PlauenTel.: +49 3741 529859<br>E-Mail: info@fahrschule-uwe-schubert.de<br>Webseite: www. fahrschule-uwe-schubert.de<\/td><\/tr><tr><td><strong>Beschwerderecht Art. 13 Abs. 2 lit. d DS-GVO<\/strong><\/td><td>Betroffene Personen k\u00f6nnen sich bei der zust\u00e4ndigen Aufsichtsbeh\u00f6rde beschweren. Zust\u00e4ndig die Fahrschule Uwe Schubert &nbsp;ist:Der S\u00e4chsische DatenschutzbeauftragteTelefon: 0351\/493-5401<br>Internet: https:\/\/www.saechsdsb.de<br>E-Mail: saechsdsb@slt.sachsen.de<\/td><\/tr><tr><td><strong>Bestehende Rechte von Betroffenen<br>Art. 13 Abs. 2 lit. b DS-GVO<\/strong><\/td><td>\u00b7&nbsp;&nbsp;&nbsp;&nbsp;&nbsp;&nbsp;&nbsp;&nbsp; Auskunft \u00fcber erhobene Daten<br>\u00b7&nbsp;&nbsp;&nbsp;&nbsp;&nbsp;&nbsp;&nbsp;&nbsp; Berichtigung und L\u00f6schung von erhobenen Daten<br>\u00b7&nbsp;&nbsp;&nbsp;&nbsp;&nbsp;&nbsp;&nbsp;&nbsp; Einschr\u00e4nkung der Nutzung der erhobenen Daten<br>\u00b7&nbsp;&nbsp;&nbsp;&nbsp;&nbsp;&nbsp;&nbsp;&nbsp; Widerrufsrecht der Einwilligung<\/td><\/tr><\/tbody><\/table><\/figure>\n\n\n\n<h1 class=\"wp-block-heading\">Hinweise zum allgemeinen Datenschutz mittels SSL<\/h1>\n\n\n\n<p>Zur Sicherung \u00fcbermittelter Daten, verwendet unsere Internetseite eine SSL-Verschl\u00fcsselung. Wir setzen auf durchgehende Verschl\u00fcsselung und nutzen \u201eForce-SSL\u201c. Der Einsatz der Verschl\u00fcsselung ist leicht zu erkennen: Die Anzeige in Ihrer Browserzeile wechselt von \u201ehttp:\/\/\u201c zu \u201ehttps:\/\/\u201c. \u00dcber SSL verschl\u00fcsselte Daten sind von Dritten nicht lesbar.<\/p>\n\n\n\n<h1 class=\"wp-block-heading\">Allgemeines Auskunftsrecht<\/h1>\n\n\n\n<p>Sie haben jederzeit das Recht auf Auskunft \u00fcber die bez\u00fcglich Ihrer Person gespeicherten Daten, deren Herkunft und Empf\u00e4nger sowie den Zweck der Speicherung. Wenn Sie Fragen zur Verarbeitung Ihrer pers\u00f6nlichen Daten haben, k\u00f6nnen Sie sich an uns wenden:<\/p>\n\n\n\n<p>Fahrschule Uwe Schubert<br>Inhaberin Ramona Schubert | Leiter Dirk Butzlau<br>August-Bebel-Str. 105<br>08525 Plauen<\/p>\n\n\n\n<p>Tel.: +49 3741 529859<br>E-Mail: info@fahrschule-uwe-schubert.de<br>Webseite: www. fahrschule-uwe-schubert.de<\/p>\n\n\n\n<p><strong>Name und Anschrift des Auftragsverarbeiters<\/strong><\/p>\n\n\n\n<p>Die technische Realisierung der Webseite erfolgt gem. Art. 28 DS-GVO. Der Auftragsverarbeiter erhebt, verarbeitet und speichert im Auftrag des Verantwortlichen alle personenbezogenen Daten. Dabei werden ausschlie\u00dflich die Systeme des Auftragsverarbeiters innerhalb des Gebietes der Bundesrepublik Deutschland verwendet. Zu keinem Zeitpunkt werden daf\u00fcr Systeme eines Drittens verwendet.<\/p>\n\n\n\n<p><strong>Cookies<\/strong><\/p>\n\n\n\n<p>Die Webseite verwendet Cookies. Durch deren Einsatz kann ein nutzerfreundlicher Service bereitgestellt werden. Diese Cookies dienen&nbsp;nicht&nbsp;zur Webanalyse, zum Tracking oder Profiling. Jeder Browser bietet die M\u00f6glichkeit die Akzeptanz von Cookies zu \u00e4ndern und erhaltene Cookies zu l\u00f6schen. Wird die Setzung von Cookies durch den Browser verweigert, sind unter Umst\u00e4nden nicht alle Funktionen der Internetseite nutzbar.<\/p>\n\n\n\n<p><strong>Erfassung von allgemeinen Daten und Informationen<\/strong><\/p>\n\n\n\n<p>Die Internetseite (bzw. der zugeh\u00f6rige Webserver) erfasst mit jedem Aufruf eine Reihe von allgemeinen Daten und Informationen. Diese werden in den Logfiles des Servers gespeichert. Erfasst werden:<\/p>\n\n\n\n<ul class=\"wp-block-list\">\n<li>verwendeter Browsertyp und Version<\/li>\n\n\n\n<li>verwendetes Betriebssystem<\/li>\n\n\n\n<li>die Internetseite, von welcher der Zugriff erfolgte (sogenannter Referrer)<\/li>\n\n\n\n<li>die Zielseite<\/li>\n\n\n\n<li>Datum und die Uhrzeit eines Zugriffs<\/li>\n\n\n\n<li>die Internet-Protokoll-Adresse (IP-Adresse)<\/li>\n\n\n\n<li>der Internet-Service-Provider des zugreifenden Systems<\/li>\n<\/ul>\n\n\n\n<p>Bei der Nutzung dieser allgemeinen Daten und Informationen werden keine automatischen R\u00fcckschl\u00fcsse auf betroffene Personen gezogen. Diese Informationen werden ben\u00f6tigt, um<\/p>\n\n\n\n<ul class=\"wp-block-list\">\n<li>die Inhalte der Internet-Seite korrekt auszuliefern,<\/li>\n\n\n\n<li>dauerhafte Funktionsf\u00e4higkeit der Systeme und der Technik zu gew\u00e4hrleisten sowie<\/li>\n\n\n\n<li>um Strafverfolgungsbeh\u00f6rden im Falle eines Cyberangriffes die zur Strafverfolgung notwendigen Informationen bereitzustellen.<\/li>\n<\/ul>\n\n\n\n<p>Die erhobenen Daten und Informationen werden durch den Auftragsverarbeiter manuell ausgewertet um den Datenschutz und die Datensicherheit auf dem System zu \u00fcberwachen und zu gew\u00e4hrleisten. Diese pseudonymisierten Daten der Server-Logfiles werden getrennt von allen durch eine betroffene Person angegebenen weiteren personenbezogenen Daten gespeichert. Eine Weitergabe dieser Daten an Dritte erfolgt grunds\u00e4tzlich nicht, sofern keine gesetzliche Pflicht zur Weitergabe besteht oder die Weitergabe der Strafverfolgung dient.<\/p>\n\n\n\n<h1 class=\"wp-block-heading\">E-Mail-Kontakt<\/h1>\n\n\n\n<p>Nachfolgende weiterf\u00fchrende Informationen gelten f\u00fcr die E-Mail- Kommunikation mit uns, also wenn Sie uns E-Mail senden.<\/p>\n\n\n\n<figure class=\"wp-block-table\"><table class=\"has-fixed-layout\"><tbody><tr><td><strong>Zweck der Verarbeitung Art. 13 Abs. 1 lit. c DS-GVO<\/strong><\/td><td>\u00b7&nbsp;&nbsp;&nbsp;&nbsp;&nbsp;&nbsp;&nbsp;&nbsp;E-Mail-Kommunikation<\/td><\/tr><tr><td><strong>Rechtsgrundlage Art. 13 Abs. 1 lit. c DS-GVO<\/strong><\/td><td>\u00b7&nbsp;&nbsp;&nbsp;&nbsp;&nbsp;&nbsp;&nbsp;&nbsp; Art. 6 Abs. 1 lit. a DS-GVO<br>\u00b7&nbsp;&nbsp;&nbsp;&nbsp;&nbsp;&nbsp;&nbsp;&nbsp; Art. 6 Abs. 1 lit. b DS-GVO<\/td><\/tr><tr><td><strong>Empf\u00e4nger oder Kategorien von Empf\u00e4ngern der personenbezogenen Daten Art. 13 Abs. 1 lit. e DS-GVO<\/strong><\/td><td>\u00b7&nbsp;&nbsp;&nbsp;&nbsp;&nbsp;&nbsp;&nbsp;&nbsp; Fahrschule Uwe Schubert&nbsp;<\/td><\/tr><tr><td><strong>\u00dcbermittlung der Daten in ein Drittland<br>Art. 13 Abs. 1 lit. f DS-GVO<\/strong><\/td><td>\u00b7&nbsp;&nbsp;&nbsp;&nbsp;&nbsp;&nbsp;&nbsp;&nbsp; nicht vorgesehen<\/td><\/tr><tr><td><strong>Aufbewahrungsdauer \/ L\u00f6schfrist<br>Art. 13 Abs. 2 lit. a DS-GVO<\/strong><\/td><td>\u00b7&nbsp;&nbsp;&nbsp;&nbsp;&nbsp;&nbsp;&nbsp;&nbsp; gem\u00e4\u00df GoBD sechs Jahre ab Schluss des Kalenderjahres in dem die<br>&nbsp;&nbsp;&nbsp;&nbsp;&nbsp;&nbsp;&nbsp;&nbsp;&nbsp; Kontaktaufnahme erfolgt<\/td><\/tr><tr><td><strong>Auswirkungen eines Widerrufs der Einwilligung<br>Art. 13 Abs. 2 lit. c DS-GVO<\/strong><\/td><td>\u00b7&nbsp;&nbsp;&nbsp;&nbsp;&nbsp;&nbsp;&nbsp;&nbsp; Sollte die Einwilligung in die Datenverarbeitung widerrufen werden, bleibt<br>&nbsp;&nbsp;&nbsp;&nbsp;&nbsp;&nbsp;&nbsp;&nbsp;&nbsp; die Rechtm\u00e4\u00dfigkeit der bis dahin erfolgen Verarbeitung unber\u00fchrt.\u00b7&nbsp;&nbsp;&nbsp;&nbsp;&nbsp;&nbsp;&nbsp;&nbsp; Aufgrund der Aufbewahrungspflichten erfolgt ausschlie\u00dflich eine<br>&nbsp;&nbsp;&nbsp;&nbsp;&nbsp;&nbsp;&nbsp;&nbsp;&nbsp; Sperrung der Daten, keine L\u00f6schung.<\/td><\/tr><tr><td><strong>Bereitstellungspflicht Art. 13 Abs. 2 lit. e DS-GVO<\/strong><\/td><td>\u00b7&nbsp;&nbsp;&nbsp;&nbsp;&nbsp;&nbsp;&nbsp;&nbsp; Die Bereitstellung der Informationen ist notwendig, um mit der Fahrschule<br>&nbsp;&nbsp;&nbsp;&nbsp;&nbsp;&nbsp;&nbsp;&nbsp;&nbsp; Uwe Schubert in Verbindung zu treten.<\/td><\/tr><tr><td><strong>Automatische. Entscheidungsfindung<br>Art. 13 Abs. 2 lit. f DS-GVO<\/strong><\/td><td>\u00b7&nbsp;&nbsp;&nbsp;&nbsp;&nbsp;&nbsp;&nbsp;&nbsp; Nicht relevant<\/td><\/tr><\/tbody><\/table><\/figure>\n\n\n\n<h1 class=\"wp-block-heading\">Social Media (Facebook &amp; Co.)<\/h1>\n\n\n\n<h3 class=\"wp-block-heading\">Social-Media-Profile und Onlinepr\u00e4senzen in sozialen Medien<\/h3>\n\n\n\n<p>Die Fahrschule Uwe Schubert ist auch auf Business-Plattformen und sozialen Netzwerken vertreten. Unser Ziel ist es unsere Kunden und auch Interessenten dort zu erreichen, wo Sie selbst t\u00e4tig sind.<\/p>\n\n\n\n<p>In der Regel findet die Verarbeitung von Nutzerdaten auf solchen Plattformen au\u00dferhalb des Raumes der Europ\u00e4ischen Union statt. Dadurch k\u00f6nnen sich f\u00fcr die Nutzer Risiken ergeben, weil so z.B. die Durchsetzung der Rechte der Nutzer erschwert werden k\u00f6nnte. Daher sind wir nur bei Plattformen vertreten, welche von Unternehmen nach europ\u00e4ischen Recht t\u00e4tig oder gem\u00e4\u00df Privacy-Shield zertifiziert sind. Letzter sind verpflichten, die Datenschutzstandards der EU einzuhalten.<\/p>\n\n\n\n<p>Auf Social-Media-Plattformen und Online-Pr\u00e4senzen werden in der Regel Nutzerdaten f\u00fcr Marktforschungs- und Werbezwecke verarbeitet werden. Die Betreiber erstellen Nutzungsprofile anhand des Nutzungsverhaltens. Anhand dieser Daten lassen sich zielgerichtet Werbeanzeigen schalten. Dies betrifft nicht nur die Plattformen selbst, sondern auch die im Werbenetzwerk verbunden Partner-Seiten. Die Fahrschule Uwe Schubert nutzt diese M\u00f6glichkeiten nicht.<\/p>\n\n\n\n<figure class=\"wp-block-table\"><table class=\"has-fixed-layout\"><tbody><tr><td><strong>Zweck der Verarbeitung Art. 13 Abs. 1 lit. c DS-GVO<\/strong><\/td><td>\u00b7&nbsp;&nbsp;&nbsp;&nbsp;&nbsp;&nbsp;&nbsp;&nbsp;Kunden und Interessenten dort erreichen, wo sie selbst t\u00e4tig sind<\/td><\/tr><tr><td><strong>Rechtsgrundlage Art. 13 Abs. 1 lit. c DS-GVO<\/strong><\/td><td>\u00b7&nbsp;&nbsp;&nbsp;&nbsp;&nbsp;&nbsp;&nbsp;&nbsp; Art. 6 Abs. 1 lit. f DS-GVO<br>\u00b7&nbsp;&nbsp;&nbsp;&nbsp;&nbsp;&nbsp;&nbsp;&nbsp; Art. 6 Abs. 1 lit. a DS-GVO bei freiwilliger Daten\u00fcbermittlung<\/td><\/tr><tr><td><strong>berechtigte Interessen Art. 13 Abs. 1 lit. d DS-GVO<\/strong><\/td><td>\u00b7&nbsp;&nbsp;&nbsp;&nbsp;&nbsp;&nbsp;&nbsp;&nbsp; Effektive Information der Nutzer und Kommunikation mit den Nutzern<\/td><\/tr><tr><td><strong>Empf\u00e4nger oder Kategorien von Empf\u00e4ngern der personenbezogenen Daten<br>Art. 13 Abs. 1 lit. e DS-GVO<\/strong><\/td><td>\u00b7&nbsp;&nbsp;&nbsp;&nbsp;&nbsp;&nbsp;&nbsp;&nbsp; Fahrschule Uwe Schubert<br>\u00b7&nbsp;&nbsp;&nbsp;&nbsp;&nbsp;&nbsp;&nbsp;&nbsp; Jeweilige Portalbetreiber (siehe nachfolgend)<\/td><\/tr><tr><td><strong>\u00dcbermittlung der Daten in ein Drittland<br>Art. 13 Abs. 1 lit. f DS-GVO<\/strong><\/td><td>\u00b7&nbsp;&nbsp;&nbsp;&nbsp;&nbsp;&nbsp;&nbsp;&nbsp; USA gem. EU-US Privacy Shield<\/td><\/tr><tr><td><strong>Auswirkungen eines Widerrufs der Einwilligung<br>Art. 13 Abs. 2 lit. c DS-GVO<\/strong><\/td><td>\u00b7&nbsp;&nbsp;&nbsp;&nbsp;&nbsp;&nbsp;&nbsp;&nbsp; Sollte die Einwilligung in die Datenverarbeitung widerrufen werden, bleibt<br>&nbsp;&nbsp;&nbsp;&nbsp;&nbsp;&nbsp;&nbsp;&nbsp;&nbsp; die Rechtm\u00e4\u00dfigkeit der bis dahin erfolgen Verarbeitung unber\u00fchrt.<\/td><\/tr><tr><td><strong>Bereitstellungspflicht Art. 13 Abs. 2 lit. e DS-GVO<\/strong><\/td><td>\u00b7&nbsp;&nbsp;&nbsp;&nbsp;&nbsp;&nbsp;&nbsp;&nbsp; Die Bereitstellung ist weder gesetzlich noch vertraglich vorgeschrieben<\/td><\/tr><\/tbody><\/table><\/figure>\n\n\n\n<p>F\u00fcr eine detaillierte Darstellung der jeweiligen Verarbeitungen und der Widerspruchsm\u00f6glichkeiten (Opt-Out), verweisen wir auf die nachfolgend verlinkten Angaben der Anbieter. Betroffenenrechte sollten direkt bei den Portalanbietern wahrgenommen werden. Nur diese haben Zugriff auf Nutzerdaten und k\u00f6nnen die Rechte am effektivsten wahrnehmen.<\/p>\n\n\n\n<h4 class=\"wp-block-heading\">Facebook<\/h4>\n\n\n\n<p>Facebook Ireland Ltd.<br>4 Grand Canal Square<br>Grand Canal Harbour<br>Dublin 2 Ireland<br>Datenschutzerkl\u00e4rung:&nbsp;<a href=\"https:\/\/www.facebook.com\/about\/privacy\/\">https:\/\/www.facebook.com\/about\/privacy\/<\/a><br>Widerspruch:&nbsp;<a href=\"https:\/\/www.facebook.com\/settings?tab=ads\">https:\/\/www.facebook.com\/settings?tab=ads<\/a>&nbsp;und&nbsp;<a href=\"http:\/\/www.youronlinechoices.com\/\">http:\/\/www.youronlinechoices.com<\/a><\/p>\n\n\n\n<h4 class=\"wp-block-heading\">Google\/ YouTube<\/h4>\n\n\n\n<p>Google LLC<br>1600 Amphitheatre Parkway<br>Mountain View<br>CA 94043, USA<br>Datenschutzerkl\u00e4rung:&nbsp;<a href=\"https:\/\/policies.google.com\/privacy\">https:\/\/policies.google.com\/privacy<\/a><br>Widerspruch:&nbsp;<a href=\"https:\/\/adssettings.google.com\/authenticated\">https:\/\/adssettings.google.com\/authenticated<\/a><\/p>\n","protected":false},"excerpt":{"rendered":"<p>Datenschutz hat einen besonders hohen Stellenwert f\u00fcr die Fahrschule Uwe Schubert. Die Nutzung unserer Homepage sowie weiterf\u00fchrender Dienste ist grunds\u00e4tzlich immer mit der Angabe von personenbezogenen Daten verbunden. Dies geschieht bewusst (z.B. Kontaktformular) und auch unbewusst (IP-Adresse in den Server-Logfiles). Da f\u00fcr die Verarbeitung personenbezogener Daten keine generelle gesetzliche Erlaubnis besteht, wird die Einwilligung der [&hellip;]<\/p>\n","protected":false},"author":1,"featured_media":0,"parent":0,"menu_order":0,"comment_status":"closed","ping_status":"closed","template":"","meta":{"footnotes":""},"class_list":["post-1395","page","type-page","status-publish","hentry"],"_links":{"self":[{"href":"https:\/\/dev.fahrschule-uwe-schubert.de\/home\/wp-json\/wp\/v2\/pages\/1395","targetHints":{"allow":["GET"]}}],"collection":[{"href":"https:\/\/dev.fahrschule-uwe-schubert.de\/home\/wp-json\/wp\/v2\/pages"}],"about":[{"href":"https:\/\/dev.fahrschule-uwe-schubert.de\/home\/wp-json\/wp\/v2\/types\/page"}],"author":[{"embeddable":true,"href":"https:\/\/dev.fahrschule-uwe-schubert.de\/home\/wp-json\/wp\/v2\/users\/1"}],"replies":[{"embeddable":true,"href":"https:\/\/dev.fahrschule-uwe-schubert.de\/home\/wp-json\/wp\/v2\/comments?post=1395"}],"version-history":[{"count":6,"href":"https:\/\/dev.fahrschule-uwe-schubert.de\/home\/wp-json\/wp\/v2\/pages\/1395\/revisions"}],"predecessor-version":[{"id":1476,"href":"https:\/\/dev.fahrschule-uwe-schubert.de\/home\/wp-json\/wp\/v2\/pages\/1395\/revisions\/1476"}],"wp:attachment":[{"href":"https:\/\/dev.fahrschule-uwe-schubert.de\/home\/wp-json\/wp\/v2\/media?parent=1395"}],"curies":[{"name":"wp","href":"https:\/\/api.w.org\/{rel}","templated":true}]}}