{"id":1477,"date":"2025-01-29T10:19:17","date_gmt":"2025-01-29T09:19:17","guid":{"rendered":"https:\/\/dev.fahrschule-uwe-schubert.de\/home\/?page_id=1477"},"modified":"2025-01-29T10:26:01","modified_gmt":"2025-01-29T09:26:01","slug":"aktuelles","status":"publish","type":"page","link":"https:\/\/dev.fahrschule-uwe-schubert.de\/home\/aktuelles\/","title":{"rendered":"Aktuelles"},"content":{"rendered":"\n<p>Wir danken all unseren Fahrsch\u00fclern f\u00fcr ihre Treue und w\u00fcnschen ihnen sowie unseren Partnern, Freunden und Kollegen eine besinnliche Weihnacht und einen guten Rutsch in ein gesundes Neues Jahr 2025!<\/p>\n\n\n\n<figure class=\"wp-block-image\"><img loading=\"lazy\" decoding=\"async\" width=\"1600\" height=\"738\" src=\"http:\/\/dev.fahrschule-uwe-schubert.de\/wp-content\/uploads\/2025\/01\/WhatsApp-Image-2024-12-20-at-16.58.37.jpeg\" alt=\"\" class=\"wp-image-1480\" srcset=\"https:\/\/dev.fahrschule-uwe-schubert.de\/wp-content\/uploads\/2025\/01\/WhatsApp-Image-2024-12-20-at-16.58.37.jpeg 1600w, https:\/\/dev.fahrschule-uwe-schubert.de\/wp-content\/uploads\/2025\/01\/WhatsApp-Image-2024-12-20-at-16.58.37-300x138.jpeg 300w, https:\/\/dev.fahrschule-uwe-schubert.de\/wp-content\/uploads\/2025\/01\/WhatsApp-Image-2024-12-20-at-16.58.37-1024x472.jpeg 1024w, https:\/\/dev.fahrschule-uwe-schubert.de\/wp-content\/uploads\/2025\/01\/WhatsApp-Image-2024-12-20-at-16.58.37-768x354.jpeg 768w, https:\/\/dev.fahrschule-uwe-schubert.de\/wp-content\/uploads\/2025\/01\/WhatsApp-Image-2024-12-20-at-16.58.37-1536x708.jpeg 1536w\" sizes=\"auto, (max-width: 1600px) 100vw, 1600px\" \/><\/figure>\n","protected":false},"excerpt":{"rendered":"<p>Wir danken all unseren Fahrsch\u00fclern f\u00fcr ihre Treue und w\u00fcnschen ihnen sowie unseren Partnern, Freunden und Kollegen eine besinnliche Weihnacht und einen guten Rutsch in ein gesundes Neues Jahr 2025!<\/p>\n","protected":false},"author":1,"featured_media":0,"parent":0,"menu_order":0,"comment_status":"closed","ping_status":"closed","template":"","meta":{"footnotes":""},"class_list":["post-1477","page","type-page","status-publish","hentry"],"_links":{"self":[{"href":"https:\/\/dev.fahrschule-uwe-schubert.de\/home\/wp-json\/wp\/v2\/pages\/1477","targetHints":{"allow":["GET"]}}],"collection":[{"href":"https:\/\/dev.fahrschule-uwe-schubert.de\/home\/wp-json\/wp\/v2\/pages"}],"about":[{"href":"https:\/\/dev.fahrschule-uwe-schubert.de\/home\/wp-json\/wp\/v2\/types\/page"}],"author":[{"embeddable":true,"href":"https:\/\/dev.fahrschule-uwe-schubert.de\/home\/wp-json\/wp\/v2\/users\/1"}],"replies":[{"embeddable":true,"href":"https:\/\/dev.fahrschule-uwe-schubert.de\/home\/wp-json\/wp\/v2\/comments?post=1477"}],"version-history":[{"count":2,"href":"https:\/\/dev.fahrschule-uwe-schubert.de\/home\/wp-json\/wp\/v2\/pages\/1477\/revisions"}],"predecessor-version":[{"id":1481,"href":"https:\/\/dev.fahrschule-uwe-schubert.de\/home\/wp-json\/wp\/v2\/pages\/1477\/revisions\/1481"}],"wp:attachment":[{"href":"https:\/\/dev.fahrschule-uwe-schubert.de\/home\/wp-json\/wp\/v2\/media?parent=1477"}],"curies":[{"name":"wp","href":"https:\/\/api.w.org\/{rel}","templated":true}]}}